{"id":41,"date":"2022-02-07T22:44:17","date_gmt":"2022-02-07T21:44:17","guid":{"rendered":"https:\/\/la-fauconnerie.com\/costarica\/?page_id=41"},"modified":"2022-02-07T22:44:20","modified_gmt":"2022-02-07T21:44:20","slug":"itineraire","status":"publish","type":"page","link":"https:\/\/la-fauconnerie.com\/costarica\/itineraire\/","title":{"rendered":"Itin\u00e9raire"},"content":{"rendered":"\n<p class=\"has-text-align-justify\">Voici l&rsquo;itin\u00e9raire de notre magnifique p\u00e9riple au Costa Rica.<\/p>\n\n\n\n<p><iframe loading=\"lazy\" src=\"https:\/\/www.google.com\/maps\/d\/u\/0\/embed?mid=1n1i0QP83-KQlhJg4lxMu-CE_n3nNEaMF&amp;ehbc=2E312F\" width=\"640\" height=\"480\"><\/iframe><\/p>\n","protected":false},"excerpt":{"rendered":"<p>Voici l&rsquo;itin\u00e9raire de notre magnifique p\u00e9riple au Costa Rica.<\/p>\n","protected":false},"author":1,"featured_media":0,"parent":0,"menu_order":0,"comment_status":"open","ping_status":"closed","template":"","meta":{"spay_email":""},"yoast_head":"<!-- This site is optimized with the Yoast SEO plugin v18.0 - https:\/\/yoast.com\/wordpress\/plugins\/seo\/ -->\n<title>Itin\u00e9raire - Costa Rica<\/title>\n<meta name=\"description\" content=\"D\u00e9couvrez l&#039;itin\u00e9raire du magnifique p\u00e9riple en famille de La Fauconnerie chez les ticos au Costa Rica. Nature, animaux, jungle et plage.\" \/>\n<meta name=\"robots\" content=\"index, follow, max-snippet:-1, max-image-preview:large, max-video-preview:-1\" \/>\n<link rel=\"canonical\" href=\"https:\/\/la-fauconnerie.com\/costarica\/itineraire\/\" \/>\n<meta property=\"og:locale\" content=\"fr_FR\" \/>\n<meta property=\"og:type\" content=\"article\" \/>\n<meta property=\"og:title\" content=\"Itin\u00e9raire - Costa Rica\" \/>\n<meta property=\"og:description\" content=\"D\u00e9couvrez l&#039;itin\u00e9raire du magnifique p\u00e9riple en famille de La Fauconnerie chez les ticos au Costa Rica. Nature, animaux, jungle et plage.\" \/>\n<meta property=\"og:url\" content=\"https:\/\/la-fauconnerie.com\/costarica\/itineraire\/\" \/>\n<meta property=\"og:site_name\" content=\"Costa Rica\" \/>\n<meta property=\"article:publisher\" content=\"https:\/\/www.facebook.com\/bertrand.fauconnier.5\" \/>\n<meta property=\"article:modified_time\" content=\"2022-02-07T21:44:20+00:00\" \/>\n<meta name=\"twitter:card\" content=\"summary_large_image\" \/>\n<meta name=\"twitter:site\" content=\"@bertore75\" \/>\n<meta name=\"twitter:label1\" content=\"Dur\u00e9e de lecture estim\u00e9e\" \/>\n\t<meta name=\"twitter:data1\" content=\"1 minute\" \/>\n<script type=\"application\/ld+json\" class=\"yoast-schema-graph\">{\"@context\":\"https:\/\/schema.org\",\"@graph\":[{\"@type\":\"WebSite\",\"@id\":\"https:\/\/la-fauconnerie.com\/costarica\/#website\",\"url\":\"https:\/\/la-fauconnerie.com\/costarica\/\",\"name\":\"Costa Rica\",\"description\":\"La Fauconnerie chez les Ticos\",\"potentialAction\":[{\"@type\":\"SearchAction\",\"target\":{\"@type\":\"EntryPoint\",\"urlTemplate\":\"https:\/\/la-fauconnerie.com\/costarica\/?s={search_term_string}\"},\"query-input\":\"required name=search_term_string\"}],\"inLanguage\":\"fr-FR\"},{\"@type\":\"WebPage\",\"@id\":\"https:\/\/la-fauconnerie.com\/costarica\/itineraire\/#webpage\",\"url\":\"https:\/\/la-fauconnerie.com\/costarica\/itineraire\/\",\"name\":\"Itin\u00e9raire - Costa Rica\",\"isPartOf\":{\"@id\":\"https:\/\/la-fauconnerie.com\/costarica\/#website\"},\"datePublished\":\"2022-02-07T21:44:17+00:00\",\"dateModified\":\"2022-02-07T21:44:20+00:00\",\"description\":\"D\u00e9couvrez l'itin\u00e9raire du magnifique p\u00e9riple en famille de La Fauconnerie chez les ticos au Costa Rica. Nature, animaux, jungle et plage.\",\"breadcrumb\":{\"@id\":\"https:\/\/la-fauconnerie.com\/costarica\/itineraire\/#breadcrumb\"},\"inLanguage\":\"fr-FR\",\"potentialAction\":[{\"@type\":\"ReadAction\",\"target\":[\"https:\/\/la-fauconnerie.com\/costarica\/itineraire\/\"]}]},{\"@type\":\"BreadcrumbList\",\"@id\":\"https:\/\/la-fauconnerie.com\/costarica\/itineraire\/#breadcrumb\",\"itemListElement\":[{\"@type\":\"ListItem\",\"position\":1,\"name\":\"Accueil\",\"item\":\"https:\/\/la-fauconnerie.com\/costarica\/\"},{\"@type\":\"ListItem\",\"position\":2,\"name\":\"Itin\u00e9raire\"}]}]}<\/script>\n<!-- \/ Yoast SEO plugin. -->","yoast_head_json":{"title":"Itin\u00e9raire - Costa Rica","description":"D\u00e9couvrez l'itin\u00e9raire du magnifique p\u00e9riple en famille de La Fauconnerie chez les ticos au Costa Rica. Nature, animaux, jungle et plage.","robots":{"index":"index","follow":"follow","max-snippet":"max-snippet:-1","max-image-preview":"max-image-preview:large","max-video-preview":"max-video-preview:-1"},"canonical":"https:\/\/la-fauconnerie.com\/costarica\/itineraire\/","og_locale":"fr_FR","og_type":"article","og_title":"Itin\u00e9raire - Costa Rica","og_description":"D\u00e9couvrez l'itin\u00e9raire du magnifique p\u00e9riple en famille de La Fauconnerie chez les ticos au Costa Rica. Nature, animaux, jungle et plage.","og_url":"https:\/\/la-fauconnerie.com\/costarica\/itineraire\/","og_site_name":"Costa Rica","article_publisher":"https:\/\/www.facebook.com\/bertrand.fauconnier.5","article_modified_time":"2022-02-07T21:44:20+00:00","twitter_card":"summary_large_image","twitter_site":"@bertore75","twitter_misc":{"Dur\u00e9e de lecture estim\u00e9e":"1 minute"},"schema":{"@context":"https:\/\/schema.org","@graph":[{"@type":"WebSite","@id":"https:\/\/la-fauconnerie.com\/costarica\/#website","url":"https:\/\/la-fauconnerie.com\/costarica\/","name":"Costa Rica","description":"La Fauconnerie chez les Ticos","potentialAction":[{"@type":"SearchAction","target":{"@type":"EntryPoint","urlTemplate":"https:\/\/la-fauconnerie.com\/costarica\/?s={search_term_string}"},"query-input":"required name=search_term_string"}],"inLanguage":"fr-FR"},{"@type":"WebPage","@id":"https:\/\/la-fauconnerie.com\/costarica\/itineraire\/#webpage","url":"https:\/\/la-fauconnerie.com\/costarica\/itineraire\/","name":"Itin\u00e9raire - Costa Rica","isPartOf":{"@id":"https:\/\/la-fauconnerie.com\/costarica\/#website"},"datePublished":"2022-02-07T21:44:17+00:00","dateModified":"2022-02-07T21:44:20+00:00","description":"D\u00e9couvrez l'itin\u00e9raire du magnifique p\u00e9riple en famille de La Fauconnerie chez les ticos au Costa Rica. Nature, animaux, jungle et plage.","breadcrumb":{"@id":"https:\/\/la-fauconnerie.com\/costarica\/itineraire\/#breadcrumb"},"inLanguage":"fr-FR","potentialAction":[{"@type":"ReadAction","target":["https:\/\/la-fauconnerie.com\/costarica\/itineraire\/"]}]},{"@type":"BreadcrumbList","@id":"https:\/\/la-fauconnerie.com\/costarica\/itineraire\/#breadcrumb","itemListElement":[{"@type":"ListItem","position":1,"name":"Accueil","item":"https:\/\/la-fauconnerie.com\/costarica\/"},{"@type":"ListItem","position":2,"name":"Itin\u00e9raire"}]}]}},"jetpack-related-posts":[],"_links":{"self":[{"href":"https:\/\/la-fauconnerie.com\/costarica\/wp-json\/wp\/v2\/pages\/41"}],"collection":[{"href":"https:\/\/la-fauconnerie.com\/costarica\/wp-json\/wp\/v2\/pages"}],"about":[{"href":"https:\/\/la-fauconnerie.com\/costarica\/wp-json\/wp\/v2\/types\/page"}],"author":[{"embeddable":true,"href":"https:\/\/la-fauconnerie.com\/costarica\/wp-json\/wp\/v2\/users\/1"}],"replies":[{"embeddable":true,"href":"https:\/\/la-fauconnerie.com\/costarica\/wp-json\/wp\/v2\/comments?post=41"}],"version-history":[{"count":1,"href":"https:\/\/la-fauconnerie.com\/costarica\/wp-json\/wp\/v2\/pages\/41\/revisions"}],"predecessor-version":[{"id":42,"href":"https:\/\/la-fauconnerie.com\/costarica\/wp-json\/wp\/v2\/pages\/41\/revisions\/42"}],"wp:attachment":[{"href":"https:\/\/la-fauconnerie.com\/costarica\/wp-json\/wp\/v2\/media?parent=41"}],"curies":[{"name":"wp","href":"https:\/\/api.w.org\/{rel}","templated":true}]}}